{"id":107,"date":"2021-03-16T14:41:23","date_gmt":"2021-03-16T13:41:23","guid":{"rendered":"https:\/\/verkehrsleiter-online.de\/?page_id=107"},"modified":"2025-11-09T13:46:00","modified_gmt":"2025-11-09T12:46:00","slug":"impressum","status":"publish","type":"page","link":"https:\/\/verkehrsleiter-online.de\/?page_id=107","title":{"rendered":"Impressum"},"content":{"rendered":"<p>[et_pb_section fb_built=&#8220;1&#8243; _builder_version=&#8220;4.16&#8243; _module_preset=&#8220;default&#8220; global_colors_info=&#8220;{}&#8220;][et_pb_row _builder_version=&#8220;4.16&#8243; _module_preset=&#8220;default&#8220; global_colors_info=&#8220;{}&#8220;][et_pb_column type=&#8220;4_4&#8243; _builder_version=&#8220;4.16&#8243; _module_preset=&#8220;default&#8220; global_colors_info=&#8220;{}&#8220;][et_pb_code _builder_version=&#8220;4.18.0&#8243; _module_preset=&#8220;default&#8220; global_colors_info=&#8220;{}&#8220;]<\/p>\n<h2>Impressum<\/h2>\n<p><!-- [et_pb_line_break_holder] --><pee>Bermina GmBH<!\u2013- [et_pb_br_holder] -\u2013>\u00a0<!-- [et_pb_line_break_holder] --><!\u2013- [et_pb_br_holder] -\u2013>vertreten durch den GF Heiko Niehus<!\u2013- [et_pb_br_holder] -\u2013>\u00a0<!-- [et_pb_line_break_holder] --><!\u2013- [et_pb_br_holder] -\u2013>Dyrotzer Ring 3<!\u2013- [et_pb_br_holder] -\u2013>14641 Brandenburg &#8211; Wustermark<\/pee><!-- [et_pb_line_break_holder] --><pee>Telefon: 033234 911741<!\u2013- [et_pb_br_holder] -\u2013><!-- [et_pb_line_break_holder] -->Telefax: 03321 4264993<!\u2013- [et_pb_br_holder] -\u2013><!-- [et_pb_line_break_holder] -->E-Mail: <a<!-- [et_pb_line_break_holder] -->href=&#8220;mailto:info@verkehrsleiter-online.de&#8220;>info@verkehrsleiter-online.de<\/a><br<!-- [et_pb_line_break_holder] -->\/><!-- [et_pb_line_break_holder] --><\/pee><!-- [et_pb_line_break_holder] --><!\u2013- [et_pb_br_holder] -\u2013><\/p>\n<h2>Hinweis gem\u00e4\u00df<!-- [et_pb_line_break_holder] -->Online-Streitbeilegungs-Verordnung<\/h2>\n<pee>Nach geltendem Recht sind wir<!-- [et_pb_line_break_holder] -->verpflichtet, Verbraucher auf die Existenz der Europ\u00e4ischen<!-- [et_pb_line_break_holder] -->Online-Streitbeilegungs-Plattform hinzuweisen, die f\u00fcr die Beilegung von<!-- [et_pb_line_break_holder] -->Streitigkeiten genutzt werden kann, ohne dass ein Gericht eingeschaltet werden<!-- [et_pb_line_break_holder] -->muss. F\u00fcr die Einrichtung der Plattform ist die Europ\u00e4ische Kommission<!-- [et_pb_line_break_holder] -->zust\u00e4ndig. Die Europ\u00e4ische Online-Streitbeilegungs-Plattform ist hier<!-- [et_pb_line_break_holder] -->zu finden: <a href=\"http:\/\/ec.europa.eu\/odr\" target=\"_blank\"<!-- [et_pb_line_break_holder] -->rel=&#8220;nofollow&#8220;>http:\/\/ec.europa.eu\/odr<\/a>. Unsere E-Mail lautet: <a<!-- [et_pb_line_break_holder] -->href=&#8220;mailto:info@verkehrsleiter-online.de&#8220;>info@verkehrsleiter-online.de<\/a><\/p<!-- [et_pb_line_break_holder] -->><pee>Wir weisen aber darauf hin, dass wir nicht bereit sind, uns am<!-- [et_pb_line_break_holder] -->Streitbeilegungsverfahren im Rahmen der Europ\u00e4ischen<!-- [et_pb_line_break_holder] -->Online-Streitbeilegungs-Plattform zu beteiligen. Nutzen Sie zur Kontaktaufnahme<!-- [et_pb_line_break_holder] -->bitte unsere obige E-Mail und Telefonnummer.<\/pee><!\u2013- [et_pb_br_holder] -\u2013><\/p>\n<h2>Hinweis<!-- [et_pb_line_break_holder] -->gem\u00e4\u00df Verbraucherstreitbeilegungsgesetz (VSBG)<\/h2>\n<pee>Wir sind nicht<!-- [et_pb_line_break_holder] -->bereit und verpflichtet, an Streitbeilegungsverfahren vor einer<!-- [et_pb_line_break_holder] -->Verbraucherschlichtungsstelle teilzunehmen.<\/pee><!\u2013- [et_pb_br_holder] -\u2013><!\u2013- [et_pb_br_holder] -\u2013><\/p>\n<h2>Disclaimer \u2013<!-- [et_pb_line_break_holder] -->rechtliche Hinweise<\/h2>\n<p><!-- [et_pb_line_break_holder] -->\u00a7 1 Warnhinweis zu Inhalten<!\u2013- [et_pb_br_holder] -\u2013><!-- [et_pb_line_break_holder] -->Die kostenlosen und frei zug\u00e4nglichen Inhalte dieser Webseite wurden mit<!-- [et_pb_line_break_holder] -->gr\u00f6\u00dftm\u00f6glicher Sorgfalt erstellt. Der Anbieter dieser Webseite \u00fcbernimmt jedoch<!-- [et_pb_line_break_holder] -->keine Gew\u00e4hr f\u00fcr die Richtigkeit und Aktualit\u00e4t der bereitgestellten kostenlosen<!-- [et_pb_line_break_holder] -->und frei zug\u00e4nglichen journalistischen Ratgeber und Nachrichten. Namentlich<!-- [et_pb_line_break_holder] -->gekennzeichnete Beitr\u00e4ge geben die Meinung des jeweiligen Autors und nicht immer<!-- [et_pb_line_break_holder] -->die Meinung des Anbieters wieder. Allein durch den Aufruf der kostenlosen und<!-- [et_pb_line_break_holder] -->frei zug\u00e4nglichen Inhalte kommt keinerlei Vertragsverh\u00e4ltnis zwischen dem Nutzer<!-- [et_pb_line_break_holder] -->und dem Anbieter zustande, insoweit fehlt es am Rechtsbindungswillen des<!-- [et_pb_line_break_holder] -->Anbieters.<!\u2013- [et_pb_br_holder] -\u2013><!-- [et_pb_line_break_holder] --><!\u2013- [et_pb_br_holder] -\u2013><!-- [et_pb_line_break_holder] -->\u00a7 2 Externe Links<!\u2013- [et_pb_br_holder] -\u2013><!-- [et_pb_line_break_holder] -->Diese Website enth\u00e4lt Verkn\u00fcpfungen zu Websites Dritter (&#8222;externe Links&#8220;). Diese<!-- [et_pb_line_break_holder] -->Websites unterliegen der Haftung der jeweiligen Betreiber. Der Anbieter hat bei<!-- [et_pb_line_break_holder] -->der erstmaligen Verkn\u00fcpfung der externen Links die fremden Inhalte daraufhin<!-- [et_pb_line_break_holder] -->\u00fcberpr\u00fcft, ob etwaige Rechtsverst\u00f6\u00dfe bestehen. Zu dem Zeitpunkt waren keine<!-- [et_pb_line_break_holder] -->Rechtsverst\u00f6\u00dfe ersichtlich. Der Anbieter hat keinerlei Einfluss auf die aktuelle<!-- [et_pb_line_break_holder] -->und zuk\u00fcnftige Gestaltung und auf die Inhalte der verkn\u00fcpften Seiten. Das Setzen<!-- [et_pb_line_break_holder] -->von externen Links bedeutet nicht, dass sich der Anbieter die hinter dem Verweis<!-- [et_pb_line_break_holder] -->oder Link liegenden Inhalte zu Eigen macht. Eine st\u00e4ndige Kontrolle der externen<!-- [et_pb_line_break_holder] -->Links ist f\u00fcr den Anbieter ohne konkrete Hinweise auf Rechtsverst\u00f6\u00dfe nicht<!-- [et_pb_line_break_holder] -->zumutbar. Bei Kenntnis von Rechtsverst\u00f6\u00dfen werden jedoch derartige externe Links<!-- [et_pb_line_break_holder] -->unverz\u00fcglich gel\u00f6scht.<!\u2013- [et_pb_br_holder] -\u2013><!-- [et_pb_line_break_holder] --><!\u2013- [et_pb_br_holder] -\u2013><!-- [et_pb_line_break_holder] -->\u00a7 3 Urheber- und Leistungsschutzrechte<!\u2013- [et_pb_br_holder] -\u2013><!-- [et_pb_line_break_holder] -->Die auf dieser Website ver\u00f6ffentlichten Inhalte unterliegen dem deutschen<!-- [et_pb_line_break_holder] -->Urheber- und Leistungsschutzrecht. Jede vom deutschen Urheber- und<!-- [et_pb_line_break_holder] -->Leistungsschutzrecht nicht zugelassene Verwertung bedarf der vorherigen<!-- [et_pb_line_break_holder] -->schriftlichen Zustimmung des Anbieters oder jeweiligen Rechteinhabers. Dies gilt<!-- [et_pb_line_break_holder] -->insbesondere f\u00fcr Vervielf\u00e4ltigung, Bearbeitung, \u00dcbersetzung, Einspeicherung,<!-- [et_pb_line_break_holder] -->Verarbeitung bzw. Wiedergabe von Inhalten in Datenbanken oder anderen<!-- [et_pb_line_break_holder] -->elektronischen Medien und Systemen. Inhalte und Rechte Dritter sind dabei als<!-- [et_pb_line_break_holder] -->solche gekennzeichnet. Die unerlaubte Vervielf\u00e4ltigung oder Weitergabe einzelner<!-- [et_pb_line_break_holder] -->Inhalte oder kompletter Seiten ist nicht gestattet und strafbar. Lediglich die<!-- [et_pb_line_break_holder] -->Herstellung von Kopien und Downloads f\u00fcr den pers\u00f6nlichen, privaten und nicht<!-- [et_pb_line_break_holder] -->kommerziellen Gebrauch ist erlaubt.<!\u2013- [et_pb_br_holder] -\u2013><!-- [et_pb_line_break_holder] --><!\u2013- [et_pb_br_holder] -\u2013><!-- [et_pb_line_break_holder] -->Die Darstellung dieser Website in fremden Frames ist nur mit schriftlicher<!-- [et_pb_line_break_holder] -->Erlaubnis zul\u00e4ssig.<!\u2013- [et_pb_br_holder] -\u2013><!-- [et_pb_line_break_holder] --><!\u2013- [et_pb_br_holder] -\u2013><!-- [et_pb_line_break_holder] -->\u00a7 4 Besondere Nutzungsbedingungen<!\u2013- [et_pb_br_holder] -\u2013><!-- [et_pb_line_break_holder] -->Soweit besondere Bedingungen f\u00fcr einzelne Nutzungen dieser Website von den<!-- [et_pb_line_break_holder] -->vorgenannten Paragraphen abweichen, wird an entsprechender Stelle ausdr\u00fccklich<!-- [et_pb_line_break_holder] -->darauf hingewiesen. In diesem Falle gelten im jeweiligen Einzelfall die<!-- [et_pb_line_break_holder] -->besonderen Nutzungsbedingungen.<pee>Quelle: <a<!-- [et_pb_line_break_holder] -->href=&#8220;https:\/\/www.juraforum.de\/impressum-generator\/&#8220;>Click hier<\/a><\/pee>[\/et_pb_code][et_pb_text _builder_version=&#8220;4.18.0&#8243; _module_preset=&#8220;default&#8220; background_size=&#8220;initial&#8220; background_position=&#8220;top_left&#8220; background_repeat=&#8220;repeat&#8220; hover_enabled=&#8220;0&#8243; global_colors_info=&#8220;{}&#8220; custom_padding=&#8220;||16px|||&#8220; sticky_enabled=&#8220;0&#8243;][\/et_pb_text][\/et_pb_column][\/et_pb_row][\/et_pb_section]<\/p>\n","protected":false},"excerpt":{"rendered":"","protected":false},"author":1,"featured_media":0,"parent":0,"menu_order":0,"comment_status":"closed","ping_status":"closed","template":"","meta":{"_et_pb_use_builder":"on","_et_pb_old_content":"","_et_gb_content_width":"","footnotes":""},"class_list":["post-107","page","type-page","status-publish","hentry"],"_links":{"self":[{"href":"https:\/\/verkehrsleiter-online.de\/index.php?rest_route=\/wp\/v2\/pages\/107","targetHints":{"allow":["GET"]}}],"collection":[{"href":"https:\/\/verkehrsleiter-online.de\/index.php?rest_route=\/wp\/v2\/pages"}],"about":[{"href":"https:\/\/verkehrsleiter-online.de\/index.php?rest_route=\/wp\/v2\/types\/page"}],"author":[{"embeddable":true,"href":"https:\/\/verkehrsleiter-online.de\/index.php?rest_route=\/wp\/v2\/users\/1"}],"replies":[{"embeddable":true,"href":"https:\/\/verkehrsleiter-online.de\/index.php?rest_route=%2Fwp%2Fv2%2Fcomments&post=107"}],"version-history":[{"count":6,"href":"https:\/\/verkehrsleiter-online.de\/index.php?rest_route=\/wp\/v2\/pages\/107\/revisions"}],"predecessor-version":[{"id":638,"href":"https:\/\/verkehrsleiter-online.de\/index.php?rest_route=\/wp\/v2\/pages\/107\/revisions\/638"}],"wp:attachment":[{"href":"https:\/\/verkehrsleiter-online.de\/index.php?rest_route=%2Fwp%2Fv2%2Fmedia&parent=107"}],"curies":[{"name":"wp","href":"https:\/\/api.w.org\/{rel}","templated":true}]}}